{"id":2025,"date":"2026-04-21T13:01:33","date_gmt":"2026-04-21T13:01:33","guid":{"rendered":"https:\/\/holbol.dk\/?page_id=2025"},"modified":"2026-04-21T13:01:33","modified_gmt":"2026-04-21T13:01:33","slug":"generalforsamling-og-faellesspisning","status":"publish","type":"page","link":"https:\/\/holbol.dk\/?page_id=2025","title":{"rendered":"Generalforsamling og f\u00e6llesspisning"},"content":{"rendered":"\n<p>F\u00e6llesskab i topform <img loading=\"lazy\" decoding=\"async\" height=\"16\" width=\"16\" src=\"https:\/\/static.xx.fbcdn.net\/images\/emoji.php\/v9\/t6c\/1\/16\/1f4aa.png\" alt=\"\ud83d\udcaa\"><br><br>Holb\u00f8l og omegn viste sig fra sin allerbedste side, da den \u00e5rlige generalforsamling i Holb\u00f8l Sogns Lokalr\u00e5d blev afholdt d. 26. marts i Samlingssalen p\u00e5 Gr\u00e6nseegnens Friskole. <img loading=\"lazy\" decoding=\"async\" height=\"16\" width=\"16\" src=\"https:\/\/static.xx.fbcdn.net\/images\/emoji.php\/v9\/tfd\/1\/16\/1f64c.png\" alt=\"\ud83d\ude4c\"><\/p>\n\n\n\n<p>Aftenen begyndte med f\u00e6llesspisning <img loading=\"lazy\" decoding=\"async\" height=\"16\" width=\"16\" alt=\"\ud83c\udf7d\ufe0f\" src=\"https:\/\/static.xx.fbcdn.net\/images\/emoji.php\/v9\/t98\/1\/16\/1f37d.png\">. Over 50 deltagere \u2013 en fantastisk opbakning, som virkelig understreger det st\u00e6rke f\u00e6llesskab i sognet <img loading=\"lazy\" decoding=\"async\" height=\"16\" width=\"16\" alt=\"\ud83d\udc4f\" src=\"https:\/\/static.xx.fbcdn.net\/images\/emoji.php\/v9\/tfe\/1\/16\/1f44f.png\"><\/p>\n\n\n\n<p>En stor tak skal lyde til <a href=\"https:\/\/www.facebook.com\/HolbolLandbohjem?__cft__[0]=AZYPh8B6fYIkgP8Tc6p0p3hJ0HBPrPsXFTKYMvTXw0w0kQKFmDUKe2r_y9SwipOwMjMZ7hKrm1jg2QfctDQ5yXhzj4LEXnHzjw2MKMn2Zi2lidKub-PWKy9VpOLbff0Mulng4ceCX8oKXijBQsOMvUFPYkNJqAsGkRqhQhgr8VeREiBubpKo3N_d5mEgoTC23ujcQKlAWUS11YG8GLFIB5Cu&amp;__tn__=-]K-R\">Holb\u00f8l Landbohjem<\/a> &#8211; der stod for aftenens menu <img loading=\"lazy\" decoding=\"async\" height=\"16\" width=\"16\" alt=\"\ud83d\ude4f\" src=\"https:\/\/static.xx.fbcdn.net\/images\/emoji.php\/v9\/t80\/1\/16\/1f64f.png\"> boller i karry der blev serveret til stor begejstring \u2013 og ja, det smagte lige s\u00e5 godt, som det lyder <img loading=\"lazy\" decoding=\"async\" height=\"16\" width=\"16\" alt=\"\ud83d\ude0b\" src=\"https:\/\/static.xx.fbcdn.net\/images\/emoji.php\/v9\/t0\/1\/16\/1f60b.png\"><\/p>\n\n\n\n<p>Efter maden gik vi videre til selve generalforsamlingen, som forl\u00f8b i en god og konstruktiv tone <img loading=\"lazy\" decoding=\"async\" height=\"16\" width=\"16\" alt=\"\ud83d\udcac\" src=\"https:\/\/static.xx.fbcdn.net\/images\/emoji.php\/v9\/t6e\/1\/16\/1f4ac.png\"> Fin dialog og engagement fra de fremm\u00f8dte \u2013 det lover godt for det videre arbejde <img loading=\"lazy\" decoding=\"async\" height=\"16\" width=\"16\" alt=\"\ud83d\udca1\" src=\"https:\/\/static.xx.fbcdn.net\/images\/emoji.php\/v9\/t3c\/1\/16\/1f4a1.png\"><\/p>\n\n\n\n<p>Da kaffen <img loading=\"lazy\" decoding=\"async\" height=\"16\" width=\"16\" src=\"https:\/\/static.xx.fbcdn.net\/images\/emoji.php\/v9\/t91\/1\/16\/2615.png\" alt=\"\u2615\"> og sm\u00e5kagerne <img loading=\"lazy\" decoding=\"async\" height=\"16\" width=\"16\" src=\"https:\/\/static.xx.fbcdn.net\/images\/emoji.php\/v9\/t76\/1\/16\/1f36a.png\" alt=\"\ud83c\udf6a\"> kom p\u00e5 bordet, overtog Kasper Espersen, Aabenraa Kommune ordet, for at tage os med igennem initiativ puljen <img loading=\"lazy\" decoding=\"async\" height=\"16\" width=\"16\" src=\"https:\/\/static.xx.fbcdn.net\/images\/emoji.php\/v9\/t39\/1\/16\/1f4e2.png\" alt=\"\ud83d\udce2\"> Kasper tog os igennem mulighederne for st\u00f8tte til id\u00e9er og projekter i Holb\u00f8l og omegn <img loading=\"lazy\" decoding=\"async\" height=\"16\" width=\"16\" src=\"https:\/\/static.xx.fbcdn.net\/images\/emoji.php\/v9\/t69\/1\/16\/1f331.png\" alt=\"\ud83c\udf31\"> Puljen \u00e5bner d. 1. maj <img loading=\"lazy\" decoding=\"async\" height=\"16\" width=\"16\" src=\"https:\/\/static.xx.fbcdn.net\/images\/emoji.php\/v9\/t7e\/1\/16\/1f4c5.png\" alt=\"\ud83d\udcc5\">.<\/p>\n\n\n\n<figure class=\"wp-block-gallery has-nested-images columns-default is-cropped wp-block-gallery-1 is-layout-flex wp-block-gallery-is-layout-flex\">\n<figure class=\"wp-block-image size-large\"><a href=\"https:\/\/holbol.dk\/wp-content\/uploads\/2026\/04\/IMG_2815.png\" target=\"_blank\" rel=\" noreferrer noopener\"><img loading=\"lazy\" decoding=\"async\" width=\"768\" height=\"1024\" data-id=\"2026\" src=\"https:\/\/holbol.dk\/wp-content\/uploads\/2026\/04\/IMG_2815-768x1024.png\" alt=\"\" class=\"wp-image-2026\" srcset=\"https:\/\/holbol.dk\/wp-content\/uploads\/2026\/04\/IMG_2815-768x1024.png 768w, https:\/\/holbol.dk\/wp-content\/uploads\/2026\/04\/IMG_2815-225x300.png 225w, https:\/\/holbol.dk\/wp-content\/uploads\/2026\/04\/IMG_2815-1152x1536.png 1152w, https:\/\/holbol.dk\/wp-content\/uploads\/2026\/04\/IMG_2815.png 1329w\" sizes=\"auto, (max-width: 768px) 100vw, 768px\" \/><\/a><\/figure>\n\n\n\n<figure class=\"wp-block-image size-large\"><a href=\"https:\/\/holbol.dk\/wp-content\/uploads\/2026\/04\/IMG_2816.png\" target=\"_blank\" rel=\" noreferrer noopener\"><img loading=\"lazy\" decoding=\"async\" width=\"768\" height=\"1024\" data-id=\"2027\" src=\"https:\/\/holbol.dk\/wp-content\/uploads\/2026\/04\/IMG_2816-768x1024.png\" alt=\"\" class=\"wp-image-2027\" srcset=\"https:\/\/holbol.dk\/wp-content\/uploads\/2026\/04\/IMG_2816-768x1024.png 768w, https:\/\/holbol.dk\/wp-content\/uploads\/2026\/04\/IMG_2816-225x300.png 225w, https:\/\/holbol.dk\/wp-content\/uploads\/2026\/04\/IMG_2816-1152x1536.png 1152w, https:\/\/holbol.dk\/wp-content\/uploads\/2026\/04\/IMG_2816.png 1329w\" sizes=\"auto, (max-width: 768px) 100vw, 768px\" \/><\/a><\/figure>\n\n\n\n<figure class=\"wp-block-image size-large\"><a href=\"https:\/\/holbol.dk\/wp-content\/uploads\/2026\/04\/IMG_2817.png\" target=\"_blank\" rel=\" noreferrer noopener\"><img loading=\"lazy\" decoding=\"async\" width=\"1024\" height=\"768\" data-id=\"2028\" src=\"https:\/\/holbol.dk\/wp-content\/uploads\/2026\/04\/IMG_2817-1024x768.png\" alt=\"\" class=\"wp-image-2028\" srcset=\"https:\/\/holbol.dk\/wp-content\/uploads\/2026\/04\/IMG_2817-1024x768.png 1024w, https:\/\/holbol.dk\/wp-content\/uploads\/2026\/04\/IMG_2817-300x225.png 300w, https:\/\/holbol.dk\/wp-content\/uploads\/2026\/04\/IMG_2817-768x576.png 768w, https:\/\/holbol.dk\/wp-content\/uploads\/2026\/04\/IMG_2817-1536x1152.png 1536w, https:\/\/holbol.dk\/wp-content\/uploads\/2026\/04\/IMG_2817.png 1772w\" sizes=\"auto, (max-width: 1024px) 100vw, 1024px\" \/><\/a><\/figure>\n\n\n\n<figure class=\"wp-block-image size-large\"><a href=\"https:\/\/holbol.dk\/wp-content\/uploads\/2026\/04\/IMG_2818.png\"><img loading=\"lazy\" decoding=\"async\" width=\"768\" height=\"1024\" data-id=\"2029\" src=\"https:\/\/holbol.dk\/wp-content\/uploads\/2026\/04\/IMG_2818-768x1024.png\" alt=\"\" class=\"wp-image-2029\" srcset=\"https:\/\/holbol.dk\/wp-content\/uploads\/2026\/04\/IMG_2818-768x1024.png 768w, https:\/\/holbol.dk\/wp-content\/uploads\/2026\/04\/IMG_2818-225x300.png 225w, https:\/\/holbol.dk\/wp-content\/uploads\/2026\/04\/IMG_2818-1152x1536.png 1152w, https:\/\/holbol.dk\/wp-content\/uploads\/2026\/04\/IMG_2818.png 1329w\" sizes=\"auto, (max-width: 768px) 100vw, 768px\" \/><\/a><\/figure>\n\n\n\n<figure class=\"wp-block-image size-large\"><a href=\"https:\/\/holbol.dk\/wp-content\/uploads\/2026\/04\/IMG_2819.png\" target=\"_blank\" rel=\" noreferrer noopener\"><img loading=\"lazy\" decoding=\"async\" width=\"768\" height=\"1024\" data-id=\"2030\" src=\"https:\/\/holbol.dk\/wp-content\/uploads\/2026\/04\/IMG_2819-768x1024.png\" alt=\"\" class=\"wp-image-2030\" srcset=\"https:\/\/holbol.dk\/wp-content\/uploads\/2026\/04\/IMG_2819-768x1024.png 768w, https:\/\/holbol.dk\/wp-content\/uploads\/2026\/04\/IMG_2819-225x300.png 225w, https:\/\/holbol.dk\/wp-content\/uploads\/2026\/04\/IMG_2819-1152x1536.png 1152w, https:\/\/holbol.dk\/wp-content\/uploads\/2026\/04\/IMG_2819.png 1329w\" sizes=\"auto, (max-width: 768px) 100vw, 768px\" \/><\/a><\/figure>\n\n\n\n<figure class=\"wp-block-image size-large\"><a href=\"https:\/\/holbol.dk\/wp-content\/uploads\/2026\/04\/IMG_2820.png\"><img loading=\"lazy\" decoding=\"async\" width=\"768\" height=\"1024\" data-id=\"2031\" src=\"https:\/\/holbol.dk\/wp-content\/uploads\/2026\/04\/IMG_2820-768x1024.png\" alt=\"\" class=\"wp-image-2031\" srcset=\"https:\/\/holbol.dk\/wp-content\/uploads\/2026\/04\/IMG_2820-768x1024.png 768w, https:\/\/holbol.dk\/wp-content\/uploads\/2026\/04\/IMG_2820-225x300.png 225w, https:\/\/holbol.dk\/wp-content\/uploads\/2026\/04\/IMG_2820-1152x1536.png 1152w, https:\/\/holbol.dk\/wp-content\/uploads\/2026\/04\/IMG_2820.png 1329w\" sizes=\"auto, (max-width: 768px) 100vw, 768px\" \/><\/a><\/figure>\n\n\n\n<figure class=\"wp-block-image size-large\"><a href=\"https:\/\/holbol.dk\/wp-content\/uploads\/2026\/04\/IMG_2822.png\" target=\"_blank\" rel=\" noreferrer noopener\"><img loading=\"lazy\" decoding=\"async\" width=\"768\" height=\"1024\" data-id=\"2032\" src=\"https:\/\/holbol.dk\/wp-content\/uploads\/2026\/04\/IMG_2822-768x1024.png\" alt=\"\" class=\"wp-image-2032\" srcset=\"https:\/\/holbol.dk\/wp-content\/uploads\/2026\/04\/IMG_2822-768x1024.png 768w, https:\/\/holbol.dk\/wp-content\/uploads\/2026\/04\/IMG_2822-225x300.png 225w, https:\/\/holbol.dk\/wp-content\/uploads\/2026\/04\/IMG_2822-1152x1536.png 1152w, https:\/\/holbol.dk\/wp-content\/uploads\/2026\/04\/IMG_2822.png 1329w\" sizes=\"auto, (max-width: 768px) 100vw, 768px\" \/><\/a><\/figure>\n\n\n\n<figure class=\"wp-block-image size-large\"><a href=\"https:\/\/holbol.dk\/wp-content\/uploads\/2026\/04\/IMG_2823.png\" target=\"_blank\" rel=\" noreferrer noopener\"><img loading=\"lazy\" decoding=\"async\" width=\"733\" height=\"1024\" data-id=\"2033\" src=\"https:\/\/holbol.dk\/wp-content\/uploads\/2026\/04\/IMG_2823-733x1024.png\" alt=\"\" class=\"wp-image-2033\" srcset=\"https:\/\/holbol.dk\/wp-content\/uploads\/2026\/04\/IMG_2823-733x1024.png 733w, https:\/\/holbol.dk\/wp-content\/uploads\/2026\/04\/IMG_2823-215x300.png 215w, https:\/\/holbol.dk\/wp-content\/uploads\/2026\/04\/IMG_2823-768x1072.png 768w, https:\/\/holbol.dk\/wp-content\/uploads\/2026\/04\/IMG_2823-1100x1536.png 1100w, https:\/\/holbol.dk\/wp-content\/uploads\/2026\/04\/IMG_2823.png 1269w\" sizes=\"auto, (max-width: 733px) 100vw, 733px\" \/><\/a><\/figure>\n\n\n\n<figure class=\"wp-block-image size-large\"><a href=\"https:\/\/holbol.dk\/wp-content\/uploads\/2026\/04\/IMG_2824.png\"><img loading=\"lazy\" decoding=\"async\" width=\"768\" height=\"1024\" data-id=\"2034\" src=\"https:\/\/holbol.dk\/wp-content\/uploads\/2026\/04\/IMG_2824-768x1024.png\" alt=\"\" class=\"wp-image-2034\" srcset=\"https:\/\/holbol.dk\/wp-content\/uploads\/2026\/04\/IMG_2824-768x1024.png 768w, https:\/\/holbol.dk\/wp-content\/uploads\/2026\/04\/IMG_2824-225x300.png 225w, https:\/\/holbol.dk\/wp-content\/uploads\/2026\/04\/IMG_2824-1152x1536.png 1152w, https:\/\/holbol.dk\/wp-content\/uploads\/2026\/04\/IMG_2824.png 1329w\" sizes=\"auto, (max-width: 768px) 100vw, 768px\" \/><\/a><\/figure>\n\n\n\n<figure class=\"wp-block-image size-large\"><a href=\"https:\/\/holbol.dk\/wp-content\/uploads\/2026\/04\/IMG_2826.png\" target=\"_blank\" rel=\" noreferrer noopener\"><img loading=\"lazy\" decoding=\"async\" width=\"768\" height=\"1024\" data-id=\"2035\" src=\"https:\/\/holbol.dk\/wp-content\/uploads\/2026\/04\/IMG_2826-768x1024.png\" alt=\"\" class=\"wp-image-2035\" srcset=\"https:\/\/holbol.dk\/wp-content\/uploads\/2026\/04\/IMG_2826-768x1024.png 768w, https:\/\/holbol.dk\/wp-content\/uploads\/2026\/04\/IMG_2826-225x300.png 225w, https:\/\/holbol.dk\/wp-content\/uploads\/2026\/04\/IMG_2826-1152x1536.png 1152w, https:\/\/holbol.dk\/wp-content\/uploads\/2026\/04\/IMG_2826.png 1329w\" sizes=\"auto, (max-width: 768px) 100vw, 768px\" \/><\/a><\/figure>\n\n\n\n<figure class=\"wp-block-image size-large\"><a href=\"https:\/\/holbol.dk\/wp-content\/uploads\/2026\/04\/IMG_2827.png\"><img loading=\"lazy\" decoding=\"async\" width=\"768\" height=\"1024\" data-id=\"2036\" src=\"https:\/\/holbol.dk\/wp-content\/uploads\/2026\/04\/IMG_2827-768x1024.png\" alt=\"\" class=\"wp-image-2036\" srcset=\"https:\/\/holbol.dk\/wp-content\/uploads\/2026\/04\/IMG_2827-768x1024.png 768w, https:\/\/holbol.dk\/wp-content\/uploads\/2026\/04\/IMG_2827-225x300.png 225w, https:\/\/holbol.dk\/wp-content\/uploads\/2026\/04\/IMG_2827-1152x1536.png 1152w, https:\/\/holbol.dk\/wp-content\/uploads\/2026\/04\/IMG_2827.png 1329w\" sizes=\"auto, (max-width: 768px) 100vw, 768px\" \/><\/a><\/figure>\n\n\n\n<figure class=\"wp-block-image size-large\"><a href=\"https:\/\/holbol.dk\/wp-content\/uploads\/2026\/04\/IMG_2828.png\" target=\"_blank\" rel=\" noreferrer noopener\"><img loading=\"lazy\" decoding=\"async\" width=\"768\" height=\"1024\" data-id=\"2037\" src=\"https:\/\/holbol.dk\/wp-content\/uploads\/2026\/04\/IMG_2828-768x1024.png\" alt=\"\" class=\"wp-image-2037\" srcset=\"https:\/\/holbol.dk\/wp-content\/uploads\/2026\/04\/IMG_2828-768x1024.png 768w, https:\/\/holbol.dk\/wp-content\/uploads\/2026\/04\/IMG_2828-225x300.png 225w, https:\/\/holbol.dk\/wp-content\/uploads\/2026\/04\/IMG_2828-1152x1536.png 1152w, https:\/\/holbol.dk\/wp-content\/uploads\/2026\/04\/IMG_2828.png 1329w\" sizes=\"auto, (max-width: 768px) 100vw, 768px\" \/><\/a><\/figure>\n\n\n\n<figure class=\"wp-block-image size-large\"><a href=\"https:\/\/holbol.dk\/wp-content\/uploads\/2026\/04\/IMG_2829.png\" target=\"_blank\" rel=\" noreferrer noopener\"><img loading=\"lazy\" decoding=\"async\" width=\"768\" height=\"1024\" data-id=\"2038\" src=\"https:\/\/holbol.dk\/wp-content\/uploads\/2026\/04\/IMG_2829-768x1024.png\" alt=\"\" class=\"wp-image-2038\" srcset=\"https:\/\/holbol.dk\/wp-content\/uploads\/2026\/04\/IMG_2829-768x1024.png 768w, https:\/\/holbol.dk\/wp-content\/uploads\/2026\/04\/IMG_2829-225x300.png 225w, https:\/\/holbol.dk\/wp-content\/uploads\/2026\/04\/IMG_2829-1152x1536.png 1152w, https:\/\/holbol.dk\/wp-content\/uploads\/2026\/04\/IMG_2829.png 1329w\" sizes=\"auto, (max-width: 768px) 100vw, 768px\" \/><\/a><\/figure>\n\n\n\n<figure class=\"wp-block-image size-large\"><a href=\"https:\/\/holbol.dk\/wp-content\/uploads\/2026\/04\/IMG_2831.png\" target=\"_blank\" rel=\" noreferrer noopener\"><img loading=\"lazy\" decoding=\"async\" width=\"768\" height=\"1024\" data-id=\"2039\" src=\"https:\/\/holbol.dk\/wp-content\/uploads\/2026\/04\/IMG_2831-768x1024.png\" alt=\"\" class=\"wp-image-2039\" srcset=\"https:\/\/holbol.dk\/wp-content\/uploads\/2026\/04\/IMG_2831-768x1024.png 768w, https:\/\/holbol.dk\/wp-content\/uploads\/2026\/04\/IMG_2831-225x300.png 225w, https:\/\/holbol.dk\/wp-content\/uploads\/2026\/04\/IMG_2831-1152x1536.png 1152w, https:\/\/holbol.dk\/wp-content\/uploads\/2026\/04\/IMG_2831.png 1329w\" sizes=\"auto, (max-width: 768px) 100vw, 768px\" \/><\/a><\/figure>\n\n\n\n<figure class=\"wp-block-image size-large\"><a href=\"https:\/\/holbol.dk\/wp-content\/uploads\/2026\/04\/IMG_2832.png\" target=\"_blank\" rel=\" noreferrer noopener\"><img loading=\"lazy\" decoding=\"async\" width=\"768\" height=\"1024\" data-id=\"2040\" src=\"https:\/\/holbol.dk\/wp-content\/uploads\/2026\/04\/IMG_2832-768x1024.png\" alt=\"\" class=\"wp-image-2040\" srcset=\"https:\/\/holbol.dk\/wp-content\/uploads\/2026\/04\/IMG_2832-768x1024.png 768w, https:\/\/holbol.dk\/wp-content\/uploads\/2026\/04\/IMG_2832-225x300.png 225w, https:\/\/holbol.dk\/wp-content\/uploads\/2026\/04\/IMG_2832-1152x1536.png 1152w, https:\/\/holbol.dk\/wp-content\/uploads\/2026\/04\/IMG_2832.png 1329w\" sizes=\"auto, (max-width: 768px) 100vw, 768px\" \/><\/a><\/figure>\n\n\n\n<figure class=\"wp-block-image size-large\"><a href=\"https:\/\/holbol.dk\/wp-content\/uploads\/2026\/04\/IMG_2833.png\" target=\"_blank\" rel=\" noreferrer noopener\"><img loading=\"lazy\" decoding=\"async\" width=\"768\" height=\"1024\" data-id=\"2041\" src=\"https:\/\/holbol.dk\/wp-content\/uploads\/2026\/04\/IMG_2833-768x1024.png\" alt=\"\" class=\"wp-image-2041\" srcset=\"https:\/\/holbol.dk\/wp-content\/uploads\/2026\/04\/IMG_2833-768x1024.png 768w, https:\/\/holbol.dk\/wp-content\/uploads\/2026\/04\/IMG_2833-225x300.png 225w, https:\/\/holbol.dk\/wp-content\/uploads\/2026\/04\/IMG_2833-1152x1536.png 1152w, https:\/\/holbol.dk\/wp-content\/uploads\/2026\/04\/IMG_2833.png 1329w\" sizes=\"auto, (max-width: 768px) 100vw, 768px\" \/><\/a><\/figure>\n\n\n\n<figure class=\"wp-block-image size-large\"><a href=\"https:\/\/holbol.dk\/wp-content\/uploads\/2026\/04\/IMG_2834.png\" target=\"_blank\" rel=\" noreferrer noopener\"><img loading=\"lazy\" decoding=\"async\" width=\"768\" height=\"1024\" data-id=\"2042\" src=\"https:\/\/holbol.dk\/wp-content\/uploads\/2026\/04\/IMG_2834-768x1024.png\" alt=\"\" class=\"wp-image-2042\" srcset=\"https:\/\/holbol.dk\/wp-content\/uploads\/2026\/04\/IMG_2834-768x1024.png 768w, https:\/\/holbol.dk\/wp-content\/uploads\/2026\/04\/IMG_2834-225x300.png 225w, https:\/\/holbol.dk\/wp-content\/uploads\/2026\/04\/IMG_2834-1152x1536.png 1152w, https:\/\/holbol.dk\/wp-content\/uploads\/2026\/04\/IMG_2834.png 1329w\" sizes=\"auto, (max-width: 768px) 100vw, 768px\" \/><\/a><\/figure>\n\n\n\n<figure class=\"wp-block-image size-large\"><a href=\"https:\/\/holbol.dk\/wp-content\/uploads\/2026\/04\/IMG_2835.png\"><img loading=\"lazy\" decoding=\"async\" width=\"527\" height=\"1024\" data-id=\"2043\" src=\"https:\/\/holbol.dk\/wp-content\/uploads\/2026\/04\/IMG_2835-527x1024.png\" alt=\"\" class=\"wp-image-2043\" srcset=\"https:\/\/holbol.dk\/wp-content\/uploads\/2026\/04\/IMG_2835-527x1024.png 527w, https:\/\/holbol.dk\/wp-content\/uploads\/2026\/04\/IMG_2835-154x300.png 154w, https:\/\/holbol.dk\/wp-content\/uploads\/2026\/04\/IMG_2835-768x1492.png 768w, https:\/\/holbol.dk\/wp-content\/uploads\/2026\/04\/IMG_2835-791x1536.png 791w, https:\/\/holbol.dk\/wp-content\/uploads\/2026\/04\/IMG_2835.png 912w\" sizes=\"auto, (max-width: 527px) 100vw, 527px\" \/><\/a><\/figure>\n\n\n\n<figure class=\"wp-block-image size-large\"><a href=\"https:\/\/holbol.dk\/wp-content\/uploads\/2026\/04\/IMG_2837.png\" target=\"_blank\" rel=\" noreferrer noopener\"><img loading=\"lazy\" decoding=\"async\" width=\"768\" height=\"1024\" data-id=\"2044\" src=\"https:\/\/holbol.dk\/wp-content\/uploads\/2026\/04\/IMG_2837-768x1024.png\" alt=\"\" class=\"wp-image-2044\" srcset=\"https:\/\/holbol.dk\/wp-content\/uploads\/2026\/04\/IMG_2837-768x1024.png 768w, https:\/\/holbol.dk\/wp-content\/uploads\/2026\/04\/IMG_2837-225x300.png 225w, https:\/\/holbol.dk\/wp-content\/uploads\/2026\/04\/IMG_2837-1152x1536.png 1152w, https:\/\/holbol.dk\/wp-content\/uploads\/2026\/04\/IMG_2837.png 1329w\" sizes=\"auto, (max-width: 768px) 100vw, 768px\" \/><\/a><\/figure>\n\n\n\n<figure class=\"wp-block-image size-large\"><a href=\"https:\/\/holbol.dk\/wp-content\/uploads\/2026\/04\/IMG_2838.png\" target=\"_blank\" rel=\" noreferrer noopener\"><img loading=\"lazy\" decoding=\"async\" width=\"768\" height=\"1024\" data-id=\"2045\" src=\"https:\/\/holbol.dk\/wp-content\/uploads\/2026\/04\/IMG_2838-768x1024.png\" alt=\"\" class=\"wp-image-2045\" srcset=\"https:\/\/holbol.dk\/wp-content\/uploads\/2026\/04\/IMG_2838-768x1024.png 768w, https:\/\/holbol.dk\/wp-content\/uploads\/2026\/04\/IMG_2838-225x300.png 225w, https:\/\/holbol.dk\/wp-content\/uploads\/2026\/04\/IMG_2838-1152x1536.png 1152w, https:\/\/holbol.dk\/wp-content\/uploads\/2026\/04\/IMG_2838.png 1329w\" sizes=\"auto, (max-width: 768px) 100vw, 768px\" \/><\/a><\/figure>\n\n\n\n<figure class=\"wp-block-image size-large\"><a href=\"https:\/\/holbol.dk\/wp-content\/uploads\/2026\/04\/IMG_2839.png\" target=\"_blank\" rel=\" noreferrer noopener\"><img loading=\"lazy\" decoding=\"async\" width=\"768\" height=\"1024\" data-id=\"2046\" src=\"https:\/\/holbol.dk\/wp-content\/uploads\/2026\/04\/IMG_2839-768x1024.png\" alt=\"\" class=\"wp-image-2046\" srcset=\"https:\/\/holbol.dk\/wp-content\/uploads\/2026\/04\/IMG_2839-768x1024.png 768w, https:\/\/holbol.dk\/wp-content\/uploads\/2026\/04\/IMG_2839-225x300.png 225w, https:\/\/holbol.dk\/wp-content\/uploads\/2026\/04\/IMG_2839-1152x1536.png 1152w, https:\/\/holbol.dk\/wp-content\/uploads\/2026\/04\/IMG_2839.png 1329w\" sizes=\"auto, (max-width: 768px) 100vw, 768px\" \/><\/a><\/figure>\n\n\n\n<figure class=\"wp-block-image size-large\"><a href=\"https:\/\/holbol.dk\/wp-content\/uploads\/2026\/04\/IMG_2847.png\" target=\"_blank\" rel=\" noreferrer noopener\"><img loading=\"lazy\" decoding=\"async\" width=\"1024\" height=\"768\" data-id=\"2049\" src=\"https:\/\/holbol.dk\/wp-content\/uploads\/2026\/04\/IMG_2847-1024x768.png\" alt=\"\" class=\"wp-image-2049\" srcset=\"https:\/\/holbol.dk\/wp-content\/uploads\/2026\/04\/IMG_2847-1024x768.png 1024w, https:\/\/holbol.dk\/wp-content\/uploads\/2026\/04\/IMG_2847-300x225.png 300w, https:\/\/holbol.dk\/wp-content\/uploads\/2026\/04\/IMG_2847-768x576.png 768w, https:\/\/holbol.dk\/wp-content\/uploads\/2026\/04\/IMG_2847-1536x1152.png 1536w, https:\/\/holbol.dk\/wp-content\/uploads\/2026\/04\/IMG_2847.png 1772w\" sizes=\"auto, (max-width: 1024px) 100vw, 1024px\" \/><\/a><\/figure>\n\n\n\n<figure class=\"wp-block-image size-large\"><a href=\"https:\/\/holbol.dk\/wp-content\/uploads\/2026\/04\/IMG_2844.png\" target=\"_blank\" rel=\" noreferrer noopener\"><img loading=\"lazy\" decoding=\"async\" width=\"768\" height=\"1024\" data-id=\"2047\" src=\"https:\/\/holbol.dk\/wp-content\/uploads\/2026\/04\/IMG_2844-768x1024.png\" alt=\"\" class=\"wp-image-2047\" srcset=\"https:\/\/holbol.dk\/wp-content\/uploads\/2026\/04\/IMG_2844-768x1024.png 768w, https:\/\/holbol.dk\/wp-content\/uploads\/2026\/04\/IMG_2844-225x300.png 225w, https:\/\/holbol.dk\/wp-content\/uploads\/2026\/04\/IMG_2844-1152x1536.png 1152w, https:\/\/holbol.dk\/wp-content\/uploads\/2026\/04\/IMG_2844.png 1329w\" sizes=\"auto, (max-width: 768px) 100vw, 768px\" \/><\/a><\/figure>\n<\/figure>\n\n\n\n<p><\/p>\n","protected":false},"excerpt":{"rendered":"<p>F\u00e6llesskab i topform Holb\u00f8l og omegn viste sig fra sin allerbedste side, da den \u00e5rlige generalforsamling i Holb\u00f8l Sogns Lokalr\u00e5d blev afholdt d. 26. marts i Samlingssalen p\u00e5 Gr\u00e6nseegnens Friskole. &#8230;<br \/><a class=\"read-more-link btn btn-outline-secondary\" href=\"https:\/\/holbol.dk\/?page_id=2025\">Read more<\/a><\/p>\n","protected":false},"author":1,"featured_media":0,"parent":0,"menu_order":0,"comment_status":"closed","ping_status":"closed","template":"","meta":{"footnotes":""},"class_list":["post-2025","page","type-page","status-publish","hentry"],"_links":{"self":[{"href":"https:\/\/holbol.dk\/index.php?rest_route=\/wp\/v2\/pages\/2025","targetHints":{"allow":["GET"]}}],"collection":[{"href":"https:\/\/holbol.dk\/index.php?rest_route=\/wp\/v2\/pages"}],"about":[{"href":"https:\/\/holbol.dk\/index.php?rest_route=\/wp\/v2\/types\/page"}],"author":[{"embeddable":true,"href":"https:\/\/holbol.dk\/index.php?rest_route=\/wp\/v2\/users\/1"}],"replies":[{"embeddable":true,"href":"https:\/\/holbol.dk\/index.php?rest_route=%2Fwp%2Fv2%2Fcomments&post=2025"}],"version-history":[{"count":1,"href":"https:\/\/holbol.dk\/index.php?rest_route=\/wp\/v2\/pages\/2025\/revisions"}],"predecessor-version":[{"id":2051,"href":"https:\/\/holbol.dk\/index.php?rest_route=\/wp\/v2\/pages\/2025\/revisions\/2051"}],"wp:attachment":[{"href":"https:\/\/holbol.dk\/index.php?rest_route=%2Fwp%2Fv2%2Fmedia&parent=2025"}],"curies":[{"name":"wp","href":"https:\/\/api.w.org\/{rel}","templated":true}]}}